{"id":12,"date":"2018-12-27T12:24:25","date_gmt":"2018-12-27T12:24:25","guid":{"rendered":"https:\/\/themes.muffingroup.com\/be\/healthy\/?page_id=12"},"modified":"2021-09-24T12:18:12","modified_gmt":"2021-09-24T12:18:12","slug":"services","status":"publish","type":"page","link":"https:\/\/gratiesti.imsp.md\/index.php\/services\/","title":{"rendered":"Servicii"},"content":{"rendered":"<div class=\"wpb-content-wrapper\"><p>[vc_row][vc_column width=&#8221;1\/2&#8243;][vc_separator color=&#8221;white&#8221;][vc_separator color=&#8221;white&#8221;][vc_column_text][\/vc_column_text][vc_column_text]\u201dCentrul de S\u0103n\u0103tate Gr\u0103tie\u0219ti\u201d acord\u0103 asisten\u0163\u0103 medical\u0103 urgent\u0103 prespitaliceasc\u0103 \u015fi asisten\u0163\u0103 medical\u0103 primar\u0103\u00a0 tuturor persoanelor, inclusiv celor ce nu au statut de persoan\u0103 asigurat\u0103, \u00een volumul stabilit de Programul unic, inclusiv prescrierea medicamentelor \u0219i dispozitivelor medicale compensate \u00een conformitate cu actele normative \u00een vigoare, f\u0103r\u0103 a fi condi\u0163ionat\u0103 plata pentru prestarea acestor servicii.<\/p>\n<p><strong>Programul unic al asigur\u0103rii obligatorii de asisten\u0163\u0103 medical\u0103\u00a0<\/strong>poate fi accesat la urm\u0103torul\u00a0<a href=\"https:\/\/www.legis.md\/cautare\/getResults?doc_id=122818&amp;lang=ro\" rel=\"nofollow noopener\" target=\"_blank\">link<\/a>[\/vc_column_text][\/vc_column][vc_column width=&#8221;1\/2&#8243;][vc_single_image image=&#8221;43&#8243; img_size=&#8221;full&#8221; alignment=&#8221;center&#8221;][\/vc_column][\/vc_row][vc_row][vc_column][vc_column_text]<\/p>\n<h2 style=\"text-align: center;\"><span style=\"color: #99cc00;\">Lista serviciilor acordate \u00een cadrul I.M.S.P \u201dCentrul de S\u0103n\u0103tate Gr\u0103tie\u0219ti\u201d<\/span><\/h2>\n<p>[\/vc_column_text][\/vc_column][\/vc_row][vc_row][vc_column][vc_column_text]<\/p>\n<h4 style=\"text-align: center;\"><strong>Servicii profilactice:<\/strong><\/h4>\n<p>[\/vc_column_text][vc_column_text]a) promovarea modului s\u0103n\u0103tos de via\u0163\u0103, educa\u0163ia pentru s\u0103n\u0103tate \u00een prevenirea \u015fi combaterea factorilor de risc, precum \u015fi consilierea antidrog: instruirea p\u0103rin\u0163ilor viz\u00eend regulile de baz\u0103 \u00een educa\u0163ia copilului; depistarea, monitorizarea \u015fi \u00eenl\u0103turarea factorilor de risc: promovarea mi\u015fc\u0103rii, alimenta\u0163iei ra\u0163ionale, m\u0103surilor de igien\u0103 personal\u0103, promovarea consumului de ap\u0103 din surse sigure, a s\u0103rii iodate, combaterea fumatului, consumului excesiv de alcool, expunerii la soare, stresului, prevenirea traumatismului, infec\u0163iilor sexual-transmisibile, infec\u0163iei HIV etc.;[\/vc_column_text][vc_column_text]b) supravegherea dezvolt\u0103rii fizice \u015fi psihomotorii a copilului prin examene de bilan\u0163, \u00een conformitate cu actele normative ce \u0163in de supravegherea dezvolt\u0103rii copilului s\u0103n\u0103tos, aprobate de Ministerul S\u0103n\u0103t\u0103\u0163ii;[\/vc_column_text][vc_column_text]c) imunizarea categoriilor de grup\u0103 selectate conform Programului Na\u0163ional de Imuniz\u0103ri, indica\u0163iilor epidemiologice, ordinelor Ministerului S\u0103n\u0103t\u0103\u0163ii \u015fi testarea tuberculinic\u0103 a celor selecta\u0163i;[\/vc_column_text][vc_column_text]d) \u00eengrijirea antenatal\u0103, supravegherea gravidelor \u015fi \u00eengrijirea postnatal\u0103 a l\u0103uzelor, \u00een conformitate cu actele normative aprobate de Ministerul S\u0103n\u0103t\u0103\u0163ii, cu prescrierea investiga\u0163iilor paraclinice necesare, stabilite \u00een Normele metodologice;[\/vc_column_text][vc_column_text]e) planificarea familiei: consultarea \u00een probleme de planificare a familiei, inclusiv alegerea mijloacelor de contracep\u0163ie pentru persoanele f\u0103r\u0103 risc obstetrical, maladii social-condi\u0163ionate etc.;[\/vc_column_text][vc_column_text]f) controlul medical anual al persoanelor \u00een v\u00eerst\u0103 de peste 18 ani, pentru prevenirea bolilor cu consecin\u0163e majore \u00een morbiditate \u015fi mortalitate, cu examene profilactice conform actelor normative aprobate de Ministerul S\u0103n\u0103t\u0103\u0163ii, care cuprind: examinarea pielii, glandei tiroide, ganglionilor limfatici; examinarea glandei mamare (femei dup\u0103 20 ani); m\u0103surarea tensiunii arteriale; tonometria ocular\u0103 (de la 40 ani); aprecierea acuit\u0103\u0163ii vederii; indica\u0163ie pentru efectuarea microradiofotografiei (grupele de risc \u015fi persoanele din contingentul periclitant); indica\u0163ie pentru aprecierea nivelului glicemiei (grupele de risc); indica\u0163ie pentru testarea serologic\u0103 MRS (cu colectarea probei de s\u00eenge din ven\u0103), testarea HIV; examinarea ginecologic\u0103 profilactic\u0103, inclusiv prelevarea frotiului pentru examenul citologic \u00een conformitate cu condi\u0163iile stabilite \u00een Normele metodologice; indica\u0163ie pentru testare la frotiu urogenital la gonoree \u015fi trihomonade, inclusiv prelevarea frotiului; indica\u0163ie pentru tu\u015feul rectal (persoanele peste 40 ani);[\/vc_column_text][vc_column_text]g) controale medicale periodice pentru afec\u0163iunile aflate sub supravegherea medicului de familie, \u00een conformitate cu actele normative aprobate de Ministerul S\u0103n\u0103t\u0103\u0163ii, cu prescrierea, la necesitate, \u00een temeiul criteriilor (indica\u0163iilor) obiective, a investiga\u0163iilor paraclinice \u015fi de diagnosticare, stabilite \u00een Normele metodologice;[\/vc_column_text][\/vc_column][\/vc_row][vc_row][vc_column][vc_column_text]<\/p>\n<h4 style=\"text-align: center;\"><strong>Servicii medicale curative:<\/strong><\/h4>\n<p>[\/vc_column_text][vc_column_text]a) consulta\u0163ie (anamnez\u0103, examen clinic) \u00een caz de boal\u0103 sau accident, cu stabilirea diagnosticului, recomandarea investiga\u0163iilor de laborator \u015fi instrumentale \u015fi prescrierea tratamentului, acordat\u0103, la solicitare persoanei, ori de c\u00eete ori are nevoie aceasta \u00een baza datelor obiective;[\/vc_column_text][vc_column_text]b) manopere de mic\u0103 chirurgie \u00een st\u0103rile urgente, la indica\u0163ii medicale &#8211; tratamentul chirurgical al pl\u0103gilor, inclusiv suturarea pl\u0103gii \u015fi aplicarea pansamentului, disec\u0163ia panariciului, furunculului (cu excep\u0163ia localiz\u0103rilor \u00een regiunea capului \u015fi g\u00eetului), extragerea corpilor str\u0103ini din \u0163esuturile moi, localizate superficial;[\/vc_column_text][vc_column_text]c) tratament \u00een cabinete de proceduri \u015fi \u00een sta\u0163ionare de zi\/la domiciliu (injec\u0163ii intramusculare, intravenoase, perfuzii, inclusiv asigurare cu consumabile \u015fi medicamente), \u00een cazul unor grupe de maladii cu diagnosticul confirmat, ce au indica\u0163ii pentru tratament spitalicesc, \u00eens\u0103 lipsesc contraindica\u0163ii pentru tratament \u00een condi\u0163ii de ambulator acordat de medicul de familie \u015fi echipa sa, \u00een conformitate cu regulamentul aprobat de Ministerul S\u0103n\u0103t\u0103\u0163ii \u015fi Compania Na\u0163ional\u0103 de Asigur\u0103ri \u00een Medicin\u0103;[\/vc_column_text][vc_column_text]d) tratament injectabil, dup\u0103 caz, prescris de orice medic: injec\u0163ii intramusculare, intravenoase \u015fi perfuzii \u00een sta\u0163ionarul de zi\/cabinetul de proceduri, inclusiv cu asigurarea consumabilelor, dar f\u0103r\u0103 asigurarea medicamentelor, cu excep\u0163ia cazurilor prev\u0103zute \u00een subpct.2) lit.c);[\/vc_column_text][vc_column_text]e) prescriere de tratament medical \u015fi igienico-dietetic, inclusiv a medicamentelor compensate, \u00een tratament ambulatoriu, cu sau f\u0103r\u0103 contribu\u0163ie personal\u0103, conform regulamentului aprobat de Guvern, precum \u015fi actelor normative ale Ministerului S\u0103n\u0103t\u0103\u0163ii;[\/vc_column_text][vc_column_text]f) monitorizarea tratamentului \u015fi a evolu\u0163iei st\u0103rii de s\u0103n\u0103tate a bolnavilor cronici, inclusiv a invalizilor, conform planului de recuperare, \u015fi modificarea acestuia \u00een func\u0163ie de evolu\u0163ia parametrilor clinico-paraclinici, cu consultarea, \u00een caz de necesitate, a medicului specialist;[\/vc_column_text][vc_column_text]g) prescrierea, prin bilet de trimitere, a investiga\u0163iilor paraclinice ca o consecin\u0163\u0103 a actului medical propriu \u015fi \u00een concordan\u0163\u0103 cu diagnosticul prezumtiv, pentru confirmarea, infirmarea sau diferen\u0163ierea diagnosticului \u00een scop profilactic, de supraveghere \u015fi tratament, inclusiv de reabilitare;[\/vc_column_text][vc_column_text]h) referirea (trimiterea) pacientului c\u0103tre speciali\u015ftii de profil, dup\u0103 caz, pentru cazurile care dep\u0103\u015fesc competen\u0163a medicului de familie \u00een modul stabilit de actele normative \u00een vigoare ale Ministerului S\u0103n\u0103t\u0103\u0163ii;[\/vc_column_text][vc_column_text]i) luarea \u00een eviden\u0163\u0103 a bolnavului TBC confirmat de medicul specialist de profil \u015fi a persoanelor contacte din focarele TBC, supravegherea \u015fi aplicarea strict observat\u0103 a tratamentului \u00een condi\u0163ii de ambulator, p\u00een\u0103 la scoaterea din eviden\u0163\u0103;[\/vc_column_text][vc_column_text]j) asisten\u0163a medical\u0103 la domiciliu, inclusiv \u00een cazul urgen\u0163elor medico-chirurgicale, acordat\u0103 \u00een limitele competen\u0163ei medicului de familie \u015fi \u00een conformitate cu actele normative \u00een vigoare ale Ministerului S\u0103n\u0103t\u0103\u0163ii copiilor \u00een v\u00eerst\u0103 de 0-5 ani afla\u0163i sub tratament pentru diferite afec\u0163iuni; persoanelor asigurate de orice v\u00eerst\u0103 cu insuficien\u0163\u0103 motorie a membrelor inferioare din orice cauz\u0103; bolnavilor \u00een faz\u0103 terminal\u0103 sau cu afec\u0163iuni grave care necesit\u0103 examinare, supraveghere \u015fi tratament; persoanelor asigurate de orice v\u00eerst\u0103 care au solicitat serviciul de asisten\u0163\u0103 medical\u0103 urgent\u0103 \u015fi solicitarea a fost transmis\u0103 pentru deservire; persoanelor asigurate de orice v\u00eerst\u0103 dup\u0103 externare din sec\u0163iile spitalice\u015fti, care necesit\u0103 supraveghere \u00een dinamic\u0103 la domiciliu; depistarea contactelor cu boli contagioase, organizarea \u015fi efectuarea m\u0103surilor antiepidemice primare \u00een focarele de boli contagioase; supravegherea medical\u0103 \u015fi tratamentul preventiv al contac\u0163ilor, conform prevederilor actelor normative ale Ministerului S\u0103n\u0103t\u0103\u0163ii;[\/vc_column_text][\/vc_column][\/vc_row][vc_row][vc_column][vc_column_text]<\/p>\n<h4 style=\"text-align: center;\"><strong>Servicii medicale pentru situa\u021bii de urgen\u021b\u0103:<\/strong><\/h4>\n<p>[\/vc_column_text][vc_column_text]a) asisten\u0163a medical\u0103 \u00een cazul urgen\u0163elor medico-chirurgicale (anamnez\u0103, examen clinic, medica\u0163ie &#8211; din trusa de urgen\u0163\u0103), \u00een limita competen\u0163ei medicului de familie \u015fi posibilit\u0103\u0163ilor tehnice medicale;[\/vc_column_text][vc_column_text]b) solicitarea ambulan\u0163ei pentru cazurile care dep\u0103\u015fesc competen\u0163a medicului de familie \u015fi posibilit\u0103\u0163ile tehnice medicale, pentru trimiterea c\u0103tre medicul specialist de profil din serviciul de ambulator sau pentru internare \u00een spital, dup\u0103 caz;[\/vc_column_text][\/vc_column][\/vc_row][vc_row][vc_column][vc_column_text]<\/p>\n<h4 style=\"text-align: center;\"><strong>Activit\u0103\u021bi de suport:<\/strong><\/h4>\n<p>[\/vc_column_text][vc_column_text]a) expertiza incapacit\u0103\u0163ii temporare de munc\u0103, inclusiv eliberarea \u015fi eviden\u0163a certificatelor de concediu medical, \u00een modul stabilit de actele normative \u00een vigoare;[\/vc_column_text][vc_column_text]b) organizarea trimiterii la Consiliul de Expertiz\u0103 Medical\u0103 a Vitalit\u0103\u0163ii, inclusiv completarea documentelor necesare, \u00een modul stabilit de actele normative \u00een vigoare;[\/vc_column_text][vc_column_text]c) eliberarea \u015fi eviden\u0163a certificatelor medicale despre starea s\u0103n\u0103t\u0103\u0163ii, pentru \u00eengrijirea copilului bolnav, adeverin\u0163elor medicale, certificatelor de deces etc., \u00een modul stabilit de actele normative \u00een vigoare;[\/vc_column_text][vc_column_text]d) organizarea activit\u0103\u0163ii de eviden\u0163\u0103, completarea \u015fi \u0163inerea la zi a documenta\u0163iei medicale primare \u015fi statistice medicale spre a fi prezentate Ministerului S\u0103n\u0103t\u0103\u0163ii \u015fi Companiei Na\u0163ionale de Asigur\u0103ri \u00een Medicin\u0103.[\/vc_column_text][\/vc_column][\/vc_row]<\/p>\n<\/div>","protected":false},"excerpt":{"rendered":"<p>[vc_row][vc_column width=&#8221;1\/2&#8243;][vc_separator color=&#8221;white&#8221;][vc_separator color=&#8221;white&#8221;][vc_column_text][\/vc_column_text][vc_column_text]\u201dCentrul de S\u0103n\u0103tate Gr\u0103tie\u0219ti\u201d acord\u0103 asisten\u0163\u0103 medical\u0103 urgent\u0103 prespitaliceasc\u0103 \u015fi asisten\u0163\u0103 medical\u0103 primar\u0103\u00a0 tuturor persoanelor, inclusiv celor ce nu au statut de persoan\u0103<span class=\"excerpt-hellip\"> [\u2026]<\/span><\/p>\n","protected":false},"author":2,"featured_media":0,"parent":0,"menu_order":0,"comment_status":"closed","ping_status":"closed","template":"","meta":{"footnotes":""},"class_list":["post-12","page","type-page","status-publish","hentry"],"_links":{"self":[{"href":"https:\/\/gratiesti.imsp.md\/index.php\/wp-json\/wp\/v2\/pages\/12","targetHints":{"allow":["GET"]}}],"collection":[{"href":"https:\/\/gratiesti.imsp.md\/index.php\/wp-json\/wp\/v2\/pages"}],"about":[{"href":"https:\/\/gratiesti.imsp.md\/index.php\/wp-json\/wp\/v2\/types\/page"}],"author":[{"embeddable":true,"href":"https:\/\/gratiesti.imsp.md\/index.php\/wp-json\/wp\/v2\/users\/2"}],"replies":[{"embeddable":true,"href":"https:\/\/gratiesti.imsp.md\/index.php\/wp-json\/wp\/v2\/comments?post=12"}],"version-history":[{"count":19,"href":"https:\/\/gratiesti.imsp.md\/index.php\/wp-json\/wp\/v2\/pages\/12\/revisions"}],"predecessor-version":[{"id":457,"href":"https:\/\/gratiesti.imsp.md\/index.php\/wp-json\/wp\/v2\/pages\/12\/revisions\/457"}],"wp:attachment":[{"href":"https:\/\/gratiesti.imsp.md\/index.php\/wp-json\/wp\/v2\/media?parent=12"}],"curies":[{"name":"wp","href":"https:\/\/api.w.org\/{rel}","templated":true}]}}