{"id":234,"date":"2021-03-09T14:34:01","date_gmt":"2021-03-09T14:34:01","guid":{"rendered":"https:\/\/t4.imsp.md\/?page_id=234"},"modified":"2021-06-08T10:07:54","modified_gmt":"2021-06-08T10:07:54","slug":"resurse-umane","status":"publish","type":"page","link":"https:\/\/gratiesti.imsp.md\/index.php\/transparenta\/resurse-umane\/","title":{"rendered":"Resurse Umane"},"content":{"rendered":"<div class=\"wpb-content-wrapper\"><p>[vc_row][vc_column width=&#8221;1\/2&#8243;][vc_single_image image=&#8221;235&#8243; img_size=&#8221;large&#8221; alignment=&#8221;center&#8221;][\/vc_column][vc_column width=&#8221;1\/2&#8243;][vc_column_text]<\/p>\n<p style=\"text-align: center;\"><strong>Ini\u0163ierea concursului privind ocuparea func\u0163iilor vacante din cadrul IMSP<br \/>\n<\/strong><\/p>\n<p>\u00cen conformitate cu prevederile art. 56 din Codul muncii nr.l54-XV din 28 martie 2003 (Monitorul Oficial al Republicii Moldova, 2003, nr. 1 59-162, art.648), cu modific\u0103rile \u015fi complet\u0103rile ulterioare, Politicii Na\u0163ionale de S\u0103n\u0103tate a Republicii Moldova pentru anii 2008-2017, aprobate prin Hot\u0103r\u00e2rea Guvernului nr.886 din 6 august 2007 (Monitorul Oficial al Republicii Moldova, 2007, nr.127- 130, art. 931.[\/vc_column_text][\/vc_column][\/vc_row][vc_row][vc_column][vc_raw_html]JTNDaDMlMjBzdHlsZSUzRCUyMmJveC1zaXppbmclM0ElMjBpbmhlcml0JTNCJTIwLXdlYmtpdC1mb250LXNtb290aGluZyUzQSUyMGFudGlhbGlhc2VkJTNCJTIwbWFyZ2luJTNBJTIwMHB4JTIwMHB4JTIwMTVweCUzQiUyMHBhZGRpbmclM0ElMjAwcHglM0IlMjBib3JkZXIlM0ElMjAwcHglM0IlMjBmb250LXN0eWxlJTNBJTIwbm9ybWFsJTNCJTIwZm9udC12YXJpYW50LWxpZ2F0dXJlcyUzQSUyMG5vcm1hbCUzQiUyMGZvbnQtdmFyaWFudC1jYXBzJTNBJTIwbm9ybWFsJTNCJTIwZm9udC12YXJpYW50LW51bWVyaWMlM0ElMjBpbmhlcml0JTNCJTIwZm9udC12YXJpYW50LWVhc3QtYXNpYW4lM0ElMjBpbmhlcml0JTNCJTIwZm9udC13ZWlnaHQlM0ElMjA1MDAlM0IlMjBmb250LXN0cmV0Y2glM0ElMjBpbmhlcml0JTNCJTIwZm9udC1zaXplJTNBJTIwMzBweCUzQiUyMGxpbmUtaGVpZ2h0JTNBJTIwNDBweCUzQiUyMGZvbnQtZmFtaWx5JTNBJTIwUG9wcGlucyUyQyUyMEhlbHZldGljYSUyQyUyMEFyaWFsJTJDJTIwc2Fucy1zZXJpZiUzQiUyMHZlcnRpY2FsLWFsaWduJTNBJTIwYmFzZWxpbmUlM0IlMjBsZXR0ZXItc3BhY2luZyUzQSUyMG5vcm1hbCUzQiUyMGNvbG9yJTNBJTIwJTIzMDAwMDAwJTNCJTIwb3JwaGFucyUzQSUyMDIlM0IlMjB0ZXh0LWluZGVudCUzQSUyMDBweCUzQiUyMHRleHQtdHJhbnNmb3JtJTNBJTIwbm9uZSUzQiUyMHdoaXRlLXNwYWNlJTNBJTIwbm9ybWFsJTNCJTIwd2lkb3dzJTNBJTIwMiUzQiUyMHdvcmQtc3BhY2luZyUzQSUyMDBweCUzQiUyMC13ZWJraXQtdGV4dC1zdHJva2Utd2lkdGglM0ElMjAwcHglM0IlMjBiYWNrZ3JvdW5kLWNvbG9yJTNBJTIwJTIzZmZmZmZmJTNCJTIwdGV4dC1kZWNvcmF0aW9uLXRoaWNrbmVzcyUzQSUyMGluaXRpYWwlM0IlMjB0ZXh0LWRlY29yYXRpb24tc3R5bGUlM0ElMjBpbml0aWFsJTNCJTIwdGV4dC1kZWNvcmF0aW9uLWNvbG9yJTNBJTIwaW5pdGlhbCUzQiUyMHRleHQtYWxpZ24lM0ElMjBjZW50ZXIlM0IlMjIlM0UlM0NzcGFuJTIwc3R5bGUlM0QlMjJib3gtc2l6aW5nJTNBJTIwaW5oZXJpdCUzQiUyMC13ZWJraXQtZm9udC1zbW9vdGhpbmclM0ElMjBhbnRpYWxpYXNlZCUzQiUyMG1hcmdpbiUzQSUyMDBweCUzQiUyMHBhZGRpbmclM0ElMjAwcHglM0IlMjBib3JkZXIlM0ElMjAwcHglM0IlMjBmb250JTNBJTIwaW5oZXJpdCUzQiUyMHZlcnRpY2FsLWFsaWduJTNBJTIwYmFzZWxpbmUlM0IlMjBjb2xvciUzQSUyMCUyM2ZmMDAwMCUzQiUyMiUzRSUzQ3N0cm9uZyUyMHN0eWxlJTNEJTIyYm94LXNpemluZyUzQSUyMGluaGVyaXQlM0IlMjAtd2Via2l0LWZvbnQtc21vb3RoaW5nJTNBJTIwYW50aWFsaWFzZWQlM0IlMjBtYXJnaW4lM0ElMjAwcHglM0IlMjBwYWRkaW5nJTNBJTIwMHB4JTNCJTIwYm9yZGVyJTNBJTIwMHB4JTNCJTIwZm9udC1zdHlsZSUzQSUyMGluaGVyaXQlM0IlMjBmb250LXZhcmlhbnQlM0ElMjBpbmhlcml0JTNCJTIwZm9udC13ZWlnaHQlM0ElMjBib2xkJTNCJTIwZm9udC1zdHJldGNoJTNBJTIwaW5oZXJpdCUzQiUyMGZvbnQtc2l6ZSUzQSUyMGluaGVyaXQlM0IlMjBsaW5lLWhlaWdodCUzQSUyMGluaGVyaXQlM0IlMjBmb250LWZhbWlseSUzQSUyMGluaGVyaXQlM0IlMjB2ZXJ0aWNhbC1hbGlnbiUzQSUyMGJhc2VsaW5lJTNCJTIyJTNFTGlzdGElMjBmdW5jJUM4JTlCaWlsb3IlMjB2YWNhbnRlJTIwZGlzcG9uaWJpbGUlMjBkaW4lMjBjYWRydWwlMjBpbnN0aXR1JUM4JTlCaWVpJTNBJTNDJTJGc3Ryb25nJTNFJTNDJTJGc3BhbiUzRSUzQyUyRmgzJTNF[\/vc_raw_html][\/vc_column][\/vc_row][vc_row][vc_column][vc_column_text css_animation=&#8221;bounceInRight&#8221;]<\/p>\n<h4>Asistent medical &#8211; 1 func\u021bie<\/h4>\n<p>[\/vc_column_text][\/vc_column][\/vc_row][vc_row][vc_column][vc_toggle title=&#8221;Condi\u021bii de participare la concurs:&#8221; style=&#8221;rounded_outline&#8221;]<strong>La concurs pot candida persoanele care \u00eendeplinesc urm\u0103toarele condi\u0163ii generale \u0219i specifice:<\/strong><\/p>\n<p><strong>Condi\u0163ii generale:<\/strong><\/p>\n<ul>\n<li>De\u021bin cet\u0103\u021benia Republicii Moldova;<\/li>\n<li>De\u021bin cet\u0103\u0163enia altor state, dar domiciliu \u00een Republica Moldova\u00a0\u0219i permis de lucru \u00een Republica Moldova;<\/li>\n<li>Cunosc limba rom\u00e2n\u0103 scris\u00a0\u0219i vorbit;<\/li>\n<li>Sunt \u00een capacitate deplin\u0103 de exerci\u021biu;<\/li>\n<li>Au starea de s\u0103n\u0103tate corespunz\u0103toare postului pentru care candideaz\u0103, atestat\u0103 pe baza adeverin\u0163ei medicale, eliberate de medicul de familie sau de unit\u0103\u0163ile sanitare abilitate;<\/li>\n<li>Nu au fost condamna\u021bi definitiv pentru s\u0103v\u00eer\u0219irea unei infrac\u021biuni, incompatibil\u0103 cu exercitarea func\u021biei;<\/li>\n<li>\u00cendeplinesc condi\u0163iile de studii prev\u0103zute de lege pentru postul respectiv;<\/li>\n<li>\u00cendeplinesc condi\u0163iile specifice pentru ocuparea postului scos la concurs.<\/li>\n<\/ul>\n<p>[\/vc_toggle][vc_toggle title=&#8221;Con\u021binutul dosarului de participare la concurs:&#8221; style=&#8221;round_outline&#8221;]<\/p>\n<ul>\n<li>Cerere de \u00eenscriere la concurs;<\/li>\n<li>Copia actului de identitate;<\/li>\n<li>Copiile diplomelor de studii \u015fi ale altor acte care atest\u0103 efectuarea unor specializ\u0103ri sau instruiri;<\/li>\n<li>Copie conform\u0103 cu originalul a carnetului de munc\u0103 sau, dup\u0103 caz, o adeverin\u0163\u0103 care s\u0103 ateste vechimea \u00een munc\u0103 \u015fi \u00een specialitate;<\/li>\n<li>Copie a certificatului de c\u0103s\u0103torie sau copii dup\u0103 documente care atest\u0103 schimbarea numelui \u00een cazul \u00een care candidatul \u015fi-a schimbat numele;<\/li>\n<\/ul>\n<p><strong>Modalitatea de prezentare a dosarului (direct sau prin email):<\/strong><\/p>\n<p>Candida\u0163ii depun documentele\u00a0personal,\u00a0prin po\u015ft\u0103 sau e-mail\u00a0(cu condi\u0163ia c\u0103 candida\u0163ii vor prezenta \u00een ziua concursului toate actele \u00een original pentru autentificare).[\/vc_toggle][\/vc_column][\/vc_row][vc_row][vc_column][vc_column_text css_animation=&#8221;bounceInRight&#8221;]<\/p>\n<h4><strong>Num\u0103rul de telefon, persoana responsabil\u0103 de oferirea informa\u0163iilor suplimentare:<\/strong><\/h4>\n<p>[\/vc_column_text][\/vc_column][\/vc_row]<\/p>\n<\/div>","protected":false},"excerpt":{"rendered":"<p>[vc_row][vc_column width=&#8221;1\/2&#8243;][vc_single_image image=&#8221;235&#8243; img_size=&#8221;large&#8221; alignment=&#8221;center&#8221;][\/vc_column][vc_column width=&#8221;1\/2&#8243;][vc_column_text] Ini\u0163ierea concursului privind ocuparea func\u0163iilor vacante din cadrul IMSP \u00cen conformitate cu prevederile art. 56 din Codul muncii nr.l54-XV din<span class=\"excerpt-hellip\"> [\u2026]<\/span><\/p>\n","protected":false},"author":2,"featured_media":0,"parent":330,"menu_order":0,"comment_status":"closed","ping_status":"closed","template":"","meta":{"footnotes":""},"class_list":["post-234","page","type-page","status-publish","hentry"],"_links":{"self":[{"href":"https:\/\/gratiesti.imsp.md\/index.php\/wp-json\/wp\/v2\/pages\/234","targetHints":{"allow":["GET"]}}],"collection":[{"href":"https:\/\/gratiesti.imsp.md\/index.php\/wp-json\/wp\/v2\/pages"}],"about":[{"href":"https:\/\/gratiesti.imsp.md\/index.php\/wp-json\/wp\/v2\/types\/page"}],"author":[{"embeddable":true,"href":"https:\/\/gratiesti.imsp.md\/index.php\/wp-json\/wp\/v2\/users\/2"}],"replies":[{"embeddable":true,"href":"https:\/\/gratiesti.imsp.md\/index.php\/wp-json\/wp\/v2\/comments?post=234"}],"version-history":[{"count":11,"href":"https:\/\/gratiesti.imsp.md\/index.php\/wp-json\/wp\/v2\/pages\/234\/revisions"}],"predecessor-version":[{"id":345,"href":"https:\/\/gratiesti.imsp.md\/index.php\/wp-json\/wp\/v2\/pages\/234\/revisions\/345"}],"up":[{"embeddable":true,"href":"https:\/\/gratiesti.imsp.md\/index.php\/wp-json\/wp\/v2\/pages\/330"}],"wp:attachment":[{"href":"https:\/\/gratiesti.imsp.md\/index.php\/wp-json\/wp\/v2\/media?parent=234"}],"curies":[{"name":"wp","href":"https:\/\/api.w.org\/{rel}","templated":true}]}}