{"id":301,"date":"2021-06-08T06:42:27","date_gmt":"2021-06-08T06:42:27","guid":{"rendered":"https:\/\/t4.imsp.md\/?page_id=301"},"modified":"2021-06-08T06:52:27","modified_gmt":"2021-06-08T06:52:27","slug":"covid19","status":"publish","type":"page","link":"https:\/\/gratiesti.imsp.md\/index.php\/covid19\/","title":{"rendered":"COVID19"},"content":{"rendered":"<div class=\"wpb-content-wrapper\"><p>[vc_row][vc_column width=&#8221;1\/3&#8243;][vc_single_image image=&#8221;302&#8243; img_size=&#8221;large&#8221; alignment=&#8221;center&#8221; onclick=&#8221;link_image&#8221;][\/vc_column][vc_column width=&#8221;1\/3&#8243;][vc_single_image image=&#8221;303&#8243; img_size=&#8221;large&#8221; alignment=&#8221;center&#8221; onclick=&#8221;link_image&#8221;][\/vc_column][vc_column width=&#8221;1\/3&#8243;][vc_single_image image=&#8221;304&#8243; img_size=&#8221;large&#8221; alignment=&#8221;center&#8221; onclick=&#8221;link_image&#8221;][\/vc_column][\/vc_row][vc_row][vc_column][vc_toggle title=&#8221;Ce este un coronavirus?&#8221; style=&#8221;rounded&#8221;]Coronavirusurile sunt o familie mare de virusuri, ce pot \u00eemboln\u0103vi at\u00e2t animalele, c\u00e2t \u0219i oamenii. Coronavirusurile ce afecteaz\u0103 oamenii sunt cunoscute pentru faptul c\u0103 provoac\u0103 infec\u021bii respiratorii, de la r\u0103celi obi\u0219nuite la boli mai grave, precum Sindromului Respirator din Orientul Mijlociu (MERS) \u0219i Sindromul Acut Respirator Sever (SARS). Cel mai recent coronavirus descoperit provoac\u0103 maladia infec\u021bioas\u0103 COVID-19.<br \/>\nCOVID-19 este o boal\u0103 infec\u021bioas\u0103 cauzat\u0103 de coronavirusul recent descoperit. Acest virus, precum \u0219i boala, au fost necunoscute p\u00e2n\u0103 la epidemia ce a izbucnit \u00een Wuhan, China, \u00een decembrie 2019.[\/vc_toggle][vc_toggle title=&#8221;Care sunt simptomele COVID-19?&#8221; style=&#8221;rounded&#8221;]Cele mai des \u00eent\u00e2lnite simptome ale COVID-19 sunt febra, oboseala \u0219i tusea uscat\u0103. Unii pacien\u021bi pot prezenta dureri, congestie nazal\u0103, nas curg\u0103tor, dureri \u00een g\u00e2t sau diaree. Aceste simptome sunt de obicei u\u0219oare \u0219i \u00eencep treptat. Unele persoane se infecteaz\u0103, dar nu dezvolt\u0103 niciun simptom \u0219i se simt bine. Majoritatea oamenilor (aproximativ 80%) s-au tratat f\u0103r\u0103 un tratament special. Aproximativ 1 din 6 persoane cu COVID-19 devine grav bolnav\u0103 \u0219i prezint\u0103 dificult\u0103\u021bi de respira\u021bie. Persoanele \u00een v\u00e2rst\u0103, precum \u0219i cele cu probleme medicale, cum ar fi hipertensiunea arterial\u0103, probleme cardiace sau diabet, sunt mai susceptibile s\u0103 dezvolte o evolu\u021bie mai grav\u0103 a bolii. Aproximativ 2% dintre persoanele bolnave au decedat. Persoanele cu febr\u0103, tuse \u0219i dificult\u0103\u021bi de respira\u021bie trebuie s\u0103 solicite ajutor medical.[\/vc_toggle][vc_toggle title=&#8221;Cum se r\u0103sp\u00e2nde\u0219te COVID-19?&#8221; style=&#8221;rounded&#8221;]Oamenii se pot infecta cu COVID-19 de la alte persoane care au virusul. Boala se poate r\u0103sp\u00e2ndi de la o persoan\u0103 la alta prin pic\u0103turi mici nazale sau din gur\u0103, care sunt r\u0103sp\u00e2ndite atunci c\u00e2nd o persoan\u0103 cu COVID-19 tu\u0219e\u0219te sau expir\u0103. Aceste pic\u0103turi aterizeaz\u0103 pe obiecte \u0219i suprafe\u021be din jurul persoanei. Alte persoane pot s\u0103 contracteze COVID-19 ating\u00e2nd aceste obiecte sau suprafe\u021be, apoi ating\u00e2ndu-\u0219i ochii, nasul sau gura. Oamenii pot, de asemenea, s\u0103 contracteze COVID-19 dac\u0103 respir\u0103 pic\u0103turi de la o persoan\u0103 cu COVID-19 care tu\u0219e\u0219te sau expir\u0103 pic\u0103turi. Acesta este motivul pentru care este important s\u0103 fie p\u0103strat\u0103 distan\u021ba de mai mult de 1 metru de la o persoan\u0103 bolnav\u0103.[\/vc_toggle][vc_toggle title=&#8221;Virusul ce provoac\u0103 COVID-19 poate fi transmis prin aer?&#8221; style=&#8221;rounded&#8221;]Studiile de p\u00e2n\u0103 acum sugereaz\u0103 c\u0103 virusul care provoac\u0103 COVID-19 este transmis mai degrab\u0103 prin pic\u0103turile respiratorii dec\u00e2t prin aer. Vezi r\u0103spunsul anterior la \u201eCum se r\u0103sp\u00e2nde\u0219te COVID-19?\u201d[\/vc_toggle][vc_toggle title=&#8221;CoVID-19 poate fi preluat de la o persoan\u0103 care nu are simptome?&#8221; style=&#8221;rounded&#8221;]Principala modalitate de r\u0103sp\u00e2ndire a bolii este prin pic\u0103turi respiratorii expulzate de cineva care tu\u0219e\u0219te. Riscul de a c\u0103p\u0103ta COVID-19 de la cineva care nu prezint\u0103 deloc simptome este foarte mic. Cu toate acestea, multe persoane cu COVID-19 prezint\u0103 doar simptome u\u0219oare. Acest lucru este valabil, \u00een special, la primele etape ale bolii. Prin urmare, este posibil s\u0103 ne molipsim de COVID-19 de la cineva care are, de exemplu, doar o tuse u\u0219oar\u0103 \u0219i nu se simte r\u0103u. OMS evalueaz\u0103 cercet\u0103rile \u00een curs de desf\u0103\u0219urare privind perioada de transmitere a COVID-19 \u0219i va continua s\u0103 plaseze informa\u021bii actualizate.[\/vc_toggle][vc_toggle title=&#8221;Pot s\u0103 m\u0103 molipsesc de COVID-19 de la masele fecale ale unei persoane bolnave?&#8221; style=&#8221;rounded&#8221;]Riscul de a c\u0103p\u0103ta COVID-19 de la masele fecale ale unei persoane infectate pare a fi unul sc\u0103zut. De\u0219i primele investiga\u021bii au sugerat c\u0103 virusul poate fi prezent \u00een masele fecale \u00een unele cazuri, r\u0103sp\u00e2ndirea pe aceast\u0103 cale nu este o caracteristic\u0103 principal\u0103 a focarului. OMS evalueaz\u0103 cercet\u0103rile \u00een curs de desf\u0103\u0219urare privind c\u0103ile de r\u0103sp\u00e2ndire \u0219i va continua s\u0103 plaseze informa\u021bii actualizate. Deoarece acest aspect reprezint\u0103 un risc, acesta este un alt motiv pentru a cur\u0103\u021ba m\u00e2inile \u00een mod regulat, dup\u0103 utilizarea wc-ului \u0219i \u00eenainte de luarea meselor.[\/vc_toggle][vc_toggle title=&#8221;Ce pot face ca s\u0103 m\u0103 protejez?&#8221; style=&#8221;rounded&#8221;]<strong>M\u0103suri de protec\u021bie pentru FIECARE<\/strong><\/p>\n<p>Fi\u021bi la curent cu cele mai recente informa\u021bii despre focarul COVID-19, disponibile pe site-ul OMS \u0219i prin intermediul autorit\u0103\u021bilor na\u021bionale \u00een domeniul s\u0103n\u0103t\u0103\u021bii. COVID-19 afecteaz\u0103 \u00een continuare majoritatea oamenilor din China \u0219i unele focare \u00een alte \u021b\u0103ri. Majoritatea persoanelor infectate se confrunt\u0103 cu boli u\u0219oare \u0219i se recupereaz\u0103, dar poate fi mai sever\u0103 pentru al\u021bii. Ave\u021bi grij\u0103 de s\u0103n\u0103tatea dvs. \u0219i proteja\u021bi-i pe al\u021bii, respect\u00e2nd urm\u0103toarele reguli:<\/p>\n<ul>\n<li class=\"first-child last-child\"><strong>Spal\u0103-te pe m\u00e2ini des cu o solu\u021bie de m\u00e2ini pe baz\u0103 de alcool sau cu s\u0103pun \u0219i ap\u0103.<\/strong><\/li>\n<\/ul>\n<p><strong>De ce?<\/strong>\u00a0Sp\u0103latul pe m\u00e2ini cu o solu\u021bie de m\u00e2ini pe baz\u0103 de alcool sau cu s\u0103pun ucide virusul, dac\u0103 acesta se afl\u0103 pe m\u00e2inile tale.<\/p>\n<ul>\n<li class=\"first-child last-child\"><strong>Men\u021bine distan\u021ba social\u0103 \u2013 men\u021bine distan\u021ba de cel pu\u021bin 1 metru \u00eentre tine \u0219i alte persoane, mai ales cele care tu\u0219esc, str\u0103nut\u0103 \u0219i au febr\u0103.<\/strong><\/li>\n<\/ul>\n<p><strong>De ce?<\/strong>\u00a0Atunci c\u00e2nd persoana infectat\u0103 cu o boal\u0103 respiratorie, cum ar fi COVID-19, tu\u0219e\u0219te sau str\u0103nut\u0103, ea proiecteaz\u0103 pic\u0103turi mici care con\u021bin virusul. Dac\u0103 e\u0219ti prea aproape, po\u021bi inhala virusul.<\/p>\n<ul>\n<li class=\"first-child last-child\"><strong>Nu \u00ee\u021bi atinge gura,\u00a0nasul \u0219i ochii\u00a0cu m\u00e2na.<\/strong><\/li>\n<\/ul>\n<p><strong>De ce?<\/strong>\u00a0M\u00e2inile se ating de multe suprafe\u021be care pot fi contaminate cu virus. Dac\u0103 \u00ee\u021bi atingi ochii, nasul sau gura cu m\u00e2inile contaminate, po\u021bi transfera virusul de pe suprafa\u021b\u0103 la tine.<\/p>\n<ul>\n<li class=\"first-child last-child\"><strong>Asigura\u021bi-v\u0103 c\u0103 \u0219i dvs. \u0219i oamenii din jurul dvs. urma\u021bi o igien\u0103 respiratorie bun\u0103. Aceasta \u00eenseamn\u0103 s\u0103-\u021bi acoperi gura \u0219i nasul cu un \u0219erve\u021bel sau s\u0103 str\u0103nuta\u021bi \u0219i s\u0103 tu\u0219i\u021bi \u00een pliul cotului. Apoi arunca\u021bi imediat \u0219erve\u021belul folosit.<\/strong><\/li>\n<\/ul>\n<p><strong>De ce?<\/strong>\u00a0Pic\u0103turile r\u0103sp\u00e2ndesc virusul. Urm\u00e2nd o igien\u0103 respiratorie bun\u0103, protejezi oamenii din jurul t\u0103u de virusuri, cum ar fi r\u0103ceala, gripa \u0219i COVID-19.<\/p>\n<ul>\n<li class=\"first-child last-child\"><strong>R\u0103m\u00e2i acas\u0103 dac\u0103 te sim\u021bi r\u0103u. Dac\u0103 ai febr\u0103, tuse \u0219i dificult\u0103\u021bi de respira\u021bie, solicita\u021bi asisten\u021b\u0103 medical\u0103 \u0219i sun\u0103 \u00een prealabil. Urm\u0103re\u0219te indica\u021biile autorit\u0103\u021bilor locale de s\u0103n\u0103tate.<\/strong><\/li>\n<\/ul>\n<p><strong>De ce?<\/strong>\u00a0Autorit\u0103\u021bile na\u021bionale \u0219i locale vor avea cele mai actualizate informa\u021bii despre situa\u021bia din zona dvs. Apel\u00e2nd \u00een avans, ve\u021bi permite serviciilor medicale s\u0103 v\u0103 direc\u021bioneze rapid c\u0103tre unitatea de s\u0103n\u0103tate potrivit\u0103. Acest lucru v\u0103 va proteja \u0219i va ajuta la prevenirea r\u0103sp\u00e2ndirii virusurilor \u0219i altor infec\u021bii.<\/p>\n<ul>\n<li class=\"first-child last-child\"><strong>Fi\u021bi informat cu privire la ultimele nout\u0103\u021bi despre COVID-19. Urma\u021bi sfaturile \u0219i recomand\u0103rile autorit\u0103\u021bilor de s\u0103n\u0103tate cum s\u0103 v\u0103 proteja\u021bi \u0219i cum s\u0103-i proteja\u021bi pe ceilal\u021bi de COVID-19.<\/strong><\/li>\n<\/ul>\n<p><strong>De ce?<\/strong>\u00a0Autorit\u0103\u021bile na\u021bionale \u0219i locale vor dispune de cele mai actualizate informa\u021bii cu privire la r\u0103sp\u00e2ndirea COVID-19 \u00een zona dvs. \u0219i sunt \u00een pozi\u021bia de a emite recomand\u0103ri de protec\u021bie pentru popula\u021bia din zona dvs.<\/p>\n<p><strong><u>M\u0103suri de protec\u021bie pentru persoanele care sunt sau au vizitat recent (ultimele 14 zile) zonele \u00een care se r\u0103sp\u00e2nde\u0219te COVID-19<\/u><\/strong><\/p>\n<ul>\n<li class=\"first-child last-child\">Urma\u021bi sfaturile de mai sus (m\u0103surile de protec\u021bie pentru fiecare).<\/li>\n<li class=\"first-child last-child\">R\u0103m\u00e2ne\u021bi acas\u0103 dac\u0103 a\u021bi \u00eenceput s\u0103 v\u0103 sim\u021bi\u021bi r\u0103u, chiar \u0219i cu simptome u\u0219oare, cum ar fi dureri de cap \u0219i nas u\u0219or curg\u0103tor, p\u00e2n\u0103 v\u0103 recupera\u021bi.<\/li>\n<\/ul>\n<p><strong>De ce?<\/strong>\u00a0Evitarea contactului cu alte persoane \u0219i evitarea vizitelor la institu\u021biile medicale vor permite ca acestea s\u0103 func\u021bioneze mai eficient \u0219i s\u0103 v\u0103 ajute s\u0103 v\u0103 proteja\u021bi \u0219i s\u0103-i proteja\u021bi \u0219i pe ceilal\u021bi \u00eempotriva posibilei infec\u021bii cu COVID-19 \u0219i a altor virusuri.<\/p>\n<ul>\n<li class=\"first-child last-child\">Dac\u0103 ave\u021bi febr\u0103, tuse \u0219i dificult\u0103\u021bi de respira\u021bie, solicita\u021bi imediat ajutorul medical, deoarece acest fapt se poate datora unei infec\u021bii respiratorii sau altei afec\u021biuni grave. Suna\u021bi \u0219i informa\u021bi medicul dvs. despre orice c\u0103l\u0103torie recent\u0103 sau dac\u0103 a\u021bi avut contacte cu persoane care au c\u0103l\u0103torit.<\/li>\n<\/ul>\n<p><strong>De ce?<\/strong>\u00a0Contact\u00e2nd \u00een avans medicul, ve\u021bi permite lucr\u0103torilor medicali s\u0103 v\u0103 direc\u021bioneze rapid c\u0103tre unitatea de s\u0103n\u0103tate potrivit\u0103. Acest lucru va ajuta la prevenirea posibilei r\u0103sp\u00e2ndiri a COVID-19 \u0219i a alte virusuri.<br \/>\n[\/vc_toggle][vc_toggle title=&#8221;C\u00e2t de probabil este s\u0103 cap\u0103t COVID-19?&#8221; style=&#8221;rounded&#8221;]Riscul depinde de locul \u00een care locui\u021bi sau unde a\u021bi c\u0103l\u0103torit recent. Riscul de infec\u021bie este mai mare \u00een zonele \u00een care un num\u0103r de persoane au fost diagnosticate cu COVID-19. \u00cen prezent, 99% din totalul cazurilor de COVID-19 apar \u00een China, majoritatea din provincia Hubei. Pentru oamenii din majoritatea celorlalte p\u0103r\u021bi ale lumii, riscul dvs. de a ob\u021bine COVID-19 este \u00een prezent sc\u0103zut, cu toate acestea, este important s\u0103 fi\u021bi con\u0219tien\u021bi de situa\u021bie \u0219i eforturile de preg\u0103tire din zona dvs.[\/vc_toggle][vc_toggle title=&#8221;Ar trebui s\u0103-mi fac griji pentru COVID-19?&#8221; style=&#8221;rounded&#8221;]Dac\u0103 nu v\u0103 afla\u021bi \u00eentr-o zon\u0103 \u00een care se r\u0103sp\u00e2nde\u0219te COVID-19 sau nu a\u021bi fost \u00een una din aceste zone sau \u00een contact str\u00e2ns cu cineva care are simptome \u0219i se simte r\u0103u, \u0219ansele dvs. de a contracte boala sunt \u00een prezent sc\u0103zute. Cu toate acestea, este de \u00een\u021beles c\u0103 s-ar putea s\u0103 v\u0103 sim\u021bi\u021bi stresa\u021bi \u0219i anxio\u0219i cu privire la situa\u021bie. Este o idee bun\u0103 s\u0103 ob\u021bine\u021bi informa\u021biile care s\u0103 v\u0103 ajute s\u0103 v\u0103 determina\u021bi cu exactitate riscurile, astfel \u00eenc\u00e2t s\u0103 pute\u021bi lua m\u0103suri ra\u021bionale. Furnizorii de servicii medicale, \u00a0autorit\u0103\u021bile na\u021bionale de s\u0103n\u0103tate \u0219i angajatorul dvs. \u2013 toate acestea sunt poten\u021biale surse de informa\u021bii sigure despre COVID-19. Este important s\u0103 fi\u021bi informa\u021bi despre situa\u021bia din zona \u00een care tr\u0103i\u021bi \u0219i s\u0103 lua\u021bi m\u0103surile adecvate pentru a v\u0103 proteja.<\/p>\n<p>Dac\u0103 v\u0103 afla\u021bi \u00eentr-o zon\u0103 \u00een care exist\u0103 un focar de COVID-19, trebuie s\u0103 lua\u021bi \u00een serios riscul de infec\u021bie. Urma\u021bi sfaturile emise de autorit\u0103\u021bile de s\u0103n\u0103tate na\u021bionale \u0219i locale. De\u0219i pentru majoritatea oamenilor, COVID-19 cauzeaz\u0103 numai boli u\u0219oare, la unii oameni se poate manifesta printr-o evolu\u021bie grav\u0103. Mai rar, boala poate fi fatal\u0103. Persoanele \u00een v\u00e2rst\u0103 \u0219i cele cu comorbidit\u0103\u021bi (cum ar fi hipertensiunea arterial\u0103, probleme cardiace sau diabet) par a fi mai vulnerabile. (A se vedea M\u0103surile de protec\u021bie pentru persoanele care sunt sau au vizitat recent (ultimele 14 zile) zonele \u00een care se r\u0103sp\u00e2nde\u0219te COVID-19).[\/vc_toggle][vc_toggle title=&#8221;Cine este cu risc ca boala s\u0103 evolueze \u00een una sever\u0103?&#8221; style=&#8221;rounded&#8221;]\u00cen timp ce \u00eenc\u0103 se studiaz\u0103 despre modul \u00een care COVID-2019 afecteaz\u0103 oamenii, persoanele \u00een v\u00e2rst\u0103 \u0219i persoanele cu comorbidit\u0103\u021bi (cum ar fi hipertensiunea arterial\u0103, probleme cardiace sau diabet) par s\u0103 dezvolte o boal\u0103 cu evolu\u021bie grav\u0103 mai des dec\u00e2t celelalte persoane.[\/vc_toggle][vc_toggle title=&#8221;Antibiotice sunt eficiente \u00een prevenirea sau tratarea COVID-19?&#8221; style=&#8221;rounded&#8221;]Nu. Antibioticele nu func\u021bioneaz\u0103 \u00eempotriva virusurilor, ci doar \u00eempotriva infec\u021biilor bacteriene. COVID-19 este cauzat de un virus, deci antibioticele nu func\u021bioneaz\u0103. Antibioticele nu trebuie utilizate ca mijloc de prevenire sau tratament pentru COVID-19. Acestea trebuie utilizate doar conform indica\u021biilor medicului pentru a trata o infec\u021bie bacterian\u0103.[\/vc_toggle][vc_toggle title=&#8221;COVID-19 este aceia\u0219i infec\u021bia ca SARS?&#8221; style=&#8221;rounded&#8221;]Nu. Virusul care provoac\u0103 COVID-19 \u0219i cel care cauzeaz\u0103 Sindromul Acut Respirator Sever (SARS) sunt \u00eenrudite genetic \u00eentre ele, dar sunt diferite. SARS este mai mortal, dar mult mai pu\u021bin infec\u021bios dec\u00e2t COVID-19. Din 2003 nu au existat focare de SARS nic\u0103ieri \u00een lume.[\/vc_toggle][vc_toggle title=&#8221;Ar trebui s\u0103 port masc\u0103 pentru a m\u0103 proteja?&#8221; style=&#8221;rounded&#8221;]Persoanele f\u0103r\u0103 simptome respiratorii, cum ar fi tuse, nu trebuie s\u0103 poarte masc\u0103 medical\u0103. OMS recomand\u0103 utilizarea m\u0103\u0219tilor pentru persoanele care prezint\u0103 simptome de COVID-19 \u0219i pentru persoanele care au grij\u0103 de persoane care au simptome, cum ar fi tuse \u0219i febr\u0103. Utilizarea m\u0103\u0219tilor este crucial\u0103 pentru lucr\u0103torii din domeniul s\u0103n\u0103t\u0103\u021bii \u0219i pentru persoanele care au grij\u0103 de cineva (acas\u0103 sau \u00eentr-o unitate de \u00eengrijire medical\u0103).<\/p>\n<p>OMS recomand\u0103 utilizarea ra\u021bional\u0103 a m\u0103\u0219tilor medicale pentru a evita irosirea inutil\u0103 a resurselor pre\u021bioase \u0219i utilizarea gre\u0219it\u0103 a m\u0103\u0219tilor (consulta\u021bi Sfaturi privind utilizarea m\u0103\u0219tilor). Utiliza\u021bi o masc\u0103 numai dac\u0103 ave\u021bi simptome respiratorii (tuse sau str\u0103nut), a\u021bi suspectat infec\u021bia cu COVID-19 cu simptome u\u0219oare sau ave\u021bi grij\u0103 de cineva cu infec\u021bie suspect\u0103 de COVID-19. O infec\u021bie suspectat\u0103 de COVID-19 este legat\u0103 de c\u0103l\u0103torii \u00een zonele \u00een care au fost raportate cazuri sau de contact str\u00e2ns cu cineva care a c\u0103l\u0103torit \u00een aceste zone \u0219i s-a \u00eemboln\u0103vit.<\/p>\n<p>Cele mai eficiente metode de a v\u0103 proteja pe voi \u0219i pe ceilal\u021bi \u00eempotriva COVID-19 sunt s\u0103 v\u0103 sp\u0103la\u021bi frecvent m\u00e2inile, s\u0103 v\u0103 acoperi\u021bi gura \u0219i nasul cu un \u0219erve\u021bel sau s\u0103 str\u0103nuta\u021bi \u0219i s\u0103 tu\u0219i\u021bi \u00een pliul cotului \u0219i s\u0103 men\u021bine\u021bi distan\u021ba de cel pu\u021bin 1 metru fa\u021b\u0103 de persoanele care tu\u0219esc sau str\u0103nut\u0103. Consulta\u021bi m\u0103surile de protec\u021bie pentru mai multe informa\u021bii.[\/vc_toggle][vc_toggle title=&#8221;Cum s\u0103 pui, s\u0103 folose\u0219ti, s\u0103 sco\u021bi \u0219i s\u0103 arunci o masc\u0103?&#8221; style=&#8221;rounded&#8221;]<\/p>\n<ul>\n<li>Aminti\u021bi-v\u0103, o masc\u0103 trebuie folosit\u0103 numai de c\u0103tre angaja\u021bii din sistemul de s\u0103n\u0103tate, de \u00eengrijitorii persoanelor bolnave \u0219i de persoanele cu simptome respiratorii, cum ar fi febra \u0219i tusea.<\/li>\n<li>\u00cenainte de a atinge masca, spal\u0103-te pe m\u00e2ini cu o solu\u021bie de m\u00e2ini pe baz\u0103 de alcool sau cu s\u0103pun \u0219i ap\u0103.<\/li>\n<li>Lua\u021bi masca \u0219i inspecta\u021bi-o dac\u0103 nu exist\u0103 pic\u0103turi de lichid sau g\u0103uri.<\/li>\n<li>G\u0103si\u021bi partea superioar\u0103 (unde este banda metalic\u0103).<\/li>\n<li>Asigura\u021bi-v\u0103 c\u0103 partea corespunz\u0103toare a m\u0103\u0219tii este orientat\u0103 spre exterior (partea colorat\u0103).<\/li>\n<li>Pune\u021bi masca pe fa\u021b\u0103. Prinde\u021bi banda metalic\u0103 sau marginea rigid\u0103 a m\u0103\u0219tii, astfel \u00eenc\u00e2t s\u0103 se modeleze la forma nasului.<\/li>\n<li>Trage\u021bi partea inferioar\u0103 a m\u0103\u0219tii, astfel \u00eenc\u00e2t s\u0103 v\u0103 acopere gura \u0219i b\u0103rbia.<\/li>\n<li>Dup\u0103 utilizare, scoate\u021bi masca; \u00eendep\u0103rta\u021bi buclele elastice din spatele urechilor, p\u0103str\u00e2nd masca departe de fa\u021b\u0103 \u0219i haine, pentru a evita atingerea suprafe\u021belor poten\u021bial contaminate ale m\u0103\u0219tii.<\/li>\n<li>Arunca\u021bi masca \u00een co\u0219ul \u00eenchis imediat dup\u0103 utilizare.<\/li>\n<li>Efectua\u021bi igiena m\u00e2inilor dup\u0103 atingerea sau aruncarea m\u0103\u0219tii \u2013 sp\u0103la\u021bi-v\u0103 pe m\u00e2ini cu o solu\u021bie de m\u00e2ini pe baz\u0103 de alcool sau, dac\u0103 este vizibil murdar\u0103, sp\u0103la\u021bi-v\u0103 m\u00e2inile cu ap\u0103 \u0219i s\u0103pun.<\/li>\n<\/ul>\n<p>[\/vc_toggle][vc_toggle title=&#8221;Care este perioada de incuba\u021bie pentru COVID-19?&#8221; style=&#8221;rounded&#8221;]\u201ePerioada de incuba\u021bie\u201d \u00eenseamn\u0103 perioada de la contactarea virusului p\u00e2n\u0103 la apari\u021bia simptomelor bolii. Majoritatea estim\u0103rilor perioadei de incuba\u021bie pentru COVID-19 variaz\u0103 \u00eentre 1-14 zile, cel mai frecvent \u00een jurul a cinci zile. Aceste estim\u0103ri vor fi actualizate pe m\u0103sur\u0103 ce vor fi disponibile mai multe date.[\/vc_toggle][vc_toggle title=&#8221;Oamenii pot fi infecta\u021bi cu COVID-19 de la un animal?&#8221; style=&#8221;rounded&#8221;]Coronavirusurile sunt o familie numeroas\u0103 de virusuri care sunt comune la lilieci \u0219i animale. Rareori, oamenii se infecteaz\u0103 cu ace\u0219ti viru\u0219i, care apoi se pot r\u0103sp\u00e2ndi la alte persoane. De exemplu, SARS-CoV a fost asociat cu pisicile civet iar MERS-CoV este transmis de c\u0103mile dromedare. Posibile surse animale de COVID-19 nu au fost \u00eenc\u0103 confirmate.<\/p>\n<p>Pentru a v\u0103 proteja, cum ar fi atunci c\u00e2nd vizita\u021bi pie\u021bele de animale vii, evita\u021bi contactul direct cu animalele \u0219i suprafe\u021bele aflate \u00een contact cu animalele. Asigura\u021bi \u00een permanen\u021b\u0103 bune practici de siguran\u021b\u0103 a alimentelor. Manevra\u021bi cu grij\u0103 carnea crud\u0103, laptele sau organele de origine animal\u0103, pentru a evita contaminarea alimentelor necoapte \u0219i evita\u021bi consumul de produse animaliere crude sau nepreg\u0103tite.[\/vc_toggle][vc_toggle title=&#8221;Pot s\u0103 m\u0103 \u00eemboln\u0103vesc de COVID-19 de la animalul meu de companie?&#8221; style=&#8221;rounded&#8221;]Nu. Nu exist\u0103 dovezi c\u0103 animale de companie, cum ar fi pisicile \u0219i c\u00e2inii au fost infectate sau ar putea r\u0103sp\u00e2ndi virusul care provoac\u0103 COVID-19.[\/vc_toggle][vc_toggle title=&#8221;Exist\u0103 ceva ce nu ar trebui s\u0103 fac?&#8221; style=&#8221;rounded&#8221;]Urm\u0103toarele m\u0103suri\u00a0<strong>NU SUNT<\/strong>\u00a0eficiente \u00eempotriva COVID-2019 \u0219i pot fi d\u0103un\u0103toare:<\/p>\n<ul>\n<li style=\"list-style-type: none;\">\n<ul>\n<li class=\"first-child\">Fumatul<\/li>\n<li>Utiliarea remediilor tradi\u021bionale din plante<\/li>\n<li>Purtarea a mai multe m\u0103\u0219ti<\/li>\n<li class=\"last-child\">Auto-medica\u021bia, cum ar fi tratamentul cu antibiotice<\/li>\n<\/ul>\n<\/li>\n<\/ul>\n<p>[\/vc_toggle][vc_toggle title=&#8221;C\u00e2t timp supravie\u021buie\u0219te virusul pe suprafe\u021be?&#8221; style=&#8221;rounded&#8221;]Nu este sigur c\u00e2t timp supravie\u021buie\u0219te virusul care provoac\u0103 COVID-19 pe suprafe\u021be, dar pare s\u0103 se comporte ca \u0219i alte coronavirusuri. Studiile sugereaz\u0103 c\u0103 coronavirusurile (inclusiv informa\u021biile preliminare despre virusul COVID-19) pot persista pe suprafe\u021be timp de c\u00e2teva ore sau p\u00e2n\u0103 la c\u00e2teva zile. Aceasta poate varia \u00een condi\u021bii diferite (de exemplu, tipul de suprafa\u021b\u0103, temperatura sau umiditatea mediului).<\/p>\n<p>Dac\u0103 crede\u021bi c\u0103 o suprafa\u021b\u0103 poate fi infectat\u0103, cur\u0103\u021ba\u021bi-o cu un dezinfectant simplu pentru a distruge virusul \u0219i pentru a v\u0103 proteja pe voi \u0219i pe ceilal\u021bi. Sp\u0103la\u021bi-v\u0103 pe m\u00e2ini cu o solu\u021bie de m\u00e2ini pe baz\u0103 de alcool sau cu s\u0103pun \u0219i ap\u0103. Evita\u021bi s\u0103 v\u0103 atinge\u021bi ochii, gura sau nasul.[\/vc_toggle][vc_toggle title=&#8221;Este sigur s\u0103 primi\u021bi un pachet din orice zon\u0103 \u00een care a fost raportat COVID-19?&#8221; style=&#8221;rounded&#8221;]Da. Probabilitatea ca o persoan\u0103 infectat\u0103 s\u0103 contamineze m\u0103rfurile comerciale este sc\u0103zut\u0103, iar riscul de a ob\u021bine virusul care provoac\u0103 COVID-19 dintr-un pachet care a fost mutat, a c\u0103l\u0103torit \u0219i a fost expus la diferite condi\u021bii \u0219i temperatur\u0103 este, de asemenea, sc\u0103zut.[\/vc_toggle][\/vc_column][\/vc_row][vc_row][vc_column width=&#8221;1\/2&#8243;][vc_single_image image=&#8221;305&#8243; img_size=&#8221;large&#8221; alignment=&#8221;center&#8221; onclick=&#8221;link_image&#8221;][\/vc_column][vc_column width=&#8221;1\/2&#8243;][vc_single_image image=&#8221;306&#8243; img_size=&#8221;large&#8221; alignment=&#8221;center&#8221; onclick=&#8221;link_image&#8221;][\/vc_column][\/vc_row]<\/p>\n<\/div>","protected":false},"excerpt":{"rendered":"<p>[vc_row][vc_column width=&#8221;1\/3&#8243;][vc_single_image image=&#8221;302&#8243; img_size=&#8221;large&#8221; alignment=&#8221;center&#8221; onclick=&#8221;link_image&#8221;][\/vc_column][vc_column width=&#8221;1\/3&#8243;][vc_single_image image=&#8221;303&#8243; img_size=&#8221;large&#8221; alignment=&#8221;center&#8221; onclick=&#8221;link_image&#8221;][\/vc_column][vc_column width=&#8221;1\/3&#8243;][vc_single_image image=&#8221;304&#8243; img_size=&#8221;large&#8221; alignment=&#8221;center&#8221; onclick=&#8221;link_image&#8221;][\/vc_column][\/vc_row][vc_row][vc_column][vc_toggle title=&#8221;Ce este un coronavirus?&#8221; style=&#8221;rounded&#8221;]Coronavirusurile sunt o familie mare de<span class=\"excerpt-hellip\"> [\u2026]<\/span><\/p>\n","protected":false},"author":3,"featured_media":0,"parent":0,"menu_order":0,"comment_status":"closed","ping_status":"closed","template":"","meta":{"footnotes":""},"class_list":["post-301","page","type-page","status-publish","hentry"],"_links":{"self":[{"href":"https:\/\/gratiesti.imsp.md\/index.php\/wp-json\/wp\/v2\/pages\/301","targetHints":{"allow":["GET"]}}],"collection":[{"href":"https:\/\/gratiesti.imsp.md\/index.php\/wp-json\/wp\/v2\/pages"}],"about":[{"href":"https:\/\/gratiesti.imsp.md\/index.php\/wp-json\/wp\/v2\/types\/page"}],"author":[{"embeddable":true,"href":"https:\/\/gratiesti.imsp.md\/index.php\/wp-json\/wp\/v2\/users\/3"}],"replies":[{"embeddable":true,"href":"https:\/\/gratiesti.imsp.md\/index.php\/wp-json\/wp\/v2\/comments?post=301"}],"version-history":[{"count":5,"href":"https:\/\/gratiesti.imsp.md\/index.php\/wp-json\/wp\/v2\/pages\/301\/revisions"}],"predecessor-version":[{"id":311,"href":"https:\/\/gratiesti.imsp.md\/index.php\/wp-json\/wp\/v2\/pages\/301\/revisions\/311"}],"wp:attachment":[{"href":"https:\/\/gratiesti.imsp.md\/index.php\/wp-json\/wp\/v2\/media?parent=301"}],"curies":[{"name":"wp","href":"https:\/\/api.w.org\/{rel}","templated":true}]}}