{"id":332,"date":"2021-06-08T07:11:33","date_gmt":"2021-06-08T07:11:33","guid":{"rendered":"https:\/\/t4.imsp.md\/?page_id=332"},"modified":"2022-05-27T07:03:38","modified_gmt":"2022-05-27T07:03:38","slug":"rapoarte","status":"publish","type":"page","link":"https:\/\/gratiesti.imsp.md\/index.php\/transparenta\/rapoarte\/","title":{"rendered":"Rapoarte"},"content":{"rendered":"<div class=\"wpb-content-wrapper\"><p>[vc_row][vc_column width=&#8221;1\/2&#8243;][vc_single_image image=&#8221;247&#8243; img_size=&#8221;full&#8221; alignment=&#8221;center&#8221;][\/vc_column][vc_column width=&#8221;1\/2&#8243;][vc_btn title=&#8221;Situa\u021bia financiar\u0103 a IMSP Centrul de S\u0103n\u0103tate Gratiesti pentru anul 2021&#8243; link=&#8221;url:https%3A%2F%2Fdrive.google.com%2Ffile%2Fd%2F1nni7f2uLIdP8DI5etIZNKhqOkvDo4-QP%2Fview%3Fusp%3Dsharing|target:_blank&#8221;][vc_btn title=&#8221;INDICATORII DE BAZ\u0102 12luni 2021 IMSP CS Gr\u0103tie\u0219ti&#8221; link=&#8221;url:https%3A%2F%2Fdrive.google.com%2Ffile%2Fd%2F1C4tQcjTs-90FAMPhyJoG7pJwco6ko5Pg%2Fview%3Fusp%3Dsharing|target:_blank&#8221;][\/vc_column][\/vc_row]<\/p>\n<\/div>","protected":false},"excerpt":{"rendered":"<p>[vc_row][vc_column width=&#8221;1\/2&#8243;][vc_single_image image=&#8221;247&#8243; img_size=&#8221;full&#8221; alignment=&#8221;center&#8221;][\/vc_column][vc_column width=&#8221;1\/2&#8243;][vc_btn title=&#8221;Situa\u021bia financiar\u0103 a IMSP Centrul de S\u0103n\u0103tate Gratiesti pentru anul 2021&#8243; link=&#8221;url:https%3A%2F%2Fdrive.google.com%2Ffile%2Fd%2F1nni7f2uLIdP8DI5etIZNKhqOkvDo4-QP%2Fview%3Fusp%3Dsharing|target:_blank&#8221;][vc_btn title=&#8221;INDICATORII DE BAZ\u0102 12luni 2021 IMSP CS Gr\u0103tie\u0219ti&#8221;<span class=\"excerpt-hellip\"> [\u2026]<\/span><\/p>\n","protected":false},"author":3,"featured_media":0,"parent":330,"menu_order":0,"comment_status":"closed","ping_status":"closed","template":"","meta":{"footnotes":""},"class_list":["post-332","page","type-page","status-publish","hentry"],"_links":{"self":[{"href":"https:\/\/gratiesti.imsp.md\/index.php\/wp-json\/wp\/v2\/pages\/332","targetHints":{"allow":["GET"]}}],"collection":[{"href":"https:\/\/gratiesti.imsp.md\/index.php\/wp-json\/wp\/v2\/pages"}],"about":[{"href":"https:\/\/gratiesti.imsp.md\/index.php\/wp-json\/wp\/v2\/types\/page"}],"author":[{"embeddable":true,"href":"https:\/\/gratiesti.imsp.md\/index.php\/wp-json\/wp\/v2\/users\/3"}],"replies":[{"embeddable":true,"href":"https:\/\/gratiesti.imsp.md\/index.php\/wp-json\/wp\/v2\/comments?post=332"}],"version-history":[{"count":6,"href":"https:\/\/gratiesti.imsp.md\/index.php\/wp-json\/wp\/v2\/pages\/332\/revisions"}],"predecessor-version":[{"id":501,"href":"https:\/\/gratiesti.imsp.md\/index.php\/wp-json\/wp\/v2\/pages\/332\/revisions\/501"}],"up":[{"embeddable":true,"href":"https:\/\/gratiesti.imsp.md\/index.php\/wp-json\/wp\/v2\/pages\/330"}],"wp:attachment":[{"href":"https:\/\/gratiesti.imsp.md\/index.php\/wp-json\/wp\/v2\/media?parent=332"}],"curies":[{"name":"wp","href":"https:\/\/api.w.org\/{rel}","templated":true}]}}